{"id":1023,"date":"2024-01-26T10:37:05","date_gmt":"2024-01-26T10:37:05","guid":{"rendered":"https:\/\/www.vintagehomemore.lu\/product\/atelier-prive-personnalise-une-experience-creative-exclusive\/"},"modified":"2024-03-19T12:25:30","modified_gmt":"2024-03-19T12:25:30","slug":"atelier-prive-personnalise-une-experience-creative-exclusive","status":"publish","type":"product","link":"https:\/\/www.vintagehomemore.lu\/de\/product\/atelier-prive-personnalise-une-experience-creative-exclusive\/","title":{"rendered":"Privater Workshop nach Mass"},"content":{"rendered":"<p>W\u00e4hlen Sie aus einer Vielzahl von Workshops:<\/p>\n<ul>\n<li>Umgestaltung von kleinen M\u00f6belst\u00fccken<\/li>\n<li>Techniken der Mixed Media<\/li>\n<li>Saisonale Dekoration mit Recycling<\/li>\n<li>B\u00fccher-Upcycling<\/li>\n<li>und vieles mehr!<\/li>\n<\/ul>\n<p>Allein oder in einer Gruppe: Ob Sie einen Moment kreativer Ruhe oder eine lustige Aktivit\u00e4t mit Ihren Liebsten w\u00fcnschen, diese Workshops kommen Ihren Bed\u00fcrfnissen entgegen. Sie haben die Freiheit, aus allen Materialien in meinem Studio zu w\u00e4hlen.<\/p>\n<p>Buchen Sie nach Ihrem Zeitplan! Diese Workshops sind nach Vereinbarung erh\u00e4ltlich und auf meinen Zeitplan zugeschnitten.<\/p>\n<p>Eine intime und pers\u00f6nliche Erfahrung: Private Workshops gew\u00e4hrleisten individuelle Aufmerksamkeit und eine entspannte Atmosph\u00e4re, um Ihre Kreativit\u00e4t zu entfalten.<\/p>\n<p>Buchen Sie Ihren privaten Workshop und begeben Sie sich auf ein einzigartiges und pers\u00f6nliches kreatives Abenteuer!<\/p>\n","protected":false},"excerpt":{"rendered":"<p>Ein exklusives kreatives Erlebnis.<\/p>\n<p>Erlebe ein k\u00fcnstlerisches Abenteuer nach Ma\u00df! Meine privaten Workshops sind eine Einladung, deine Kreativit\u00e4t in absoluter Privatsph\u00e4re zu erforschen.<\/p>\n<p>Perfekt f\u00fcr Einzelpersonen oder diejenigen, die eine pers\u00f6nliche Erfahrung suchen.<\/p>\n<p>Alle Termine f\u00fcr das Privater Workshop nach Ma\u00df<\/p>\n<p>Juli: 25.7.2025 \/<\/p>\n<p>August: 1.8.2024 \/ 8.8.2024 \/ 15.8.2024 \/ 22.8.2024 \/ 29.8.2024 \/<\/p>\n<p>September: 5.9.2024.<\/p>\n","protected":false},"featured_media":992,"template":"","meta":{"_acf_changed":false,"inline_featured_image":false},"product_brand":[],"product_cat":[72],"product_tag":[],"class_list":{"0":"post-1023","1":"product","2":"type-product","3":"status-publish","4":"has-post-thumbnail","6":"product_cat-workshop-de","8":"first","9":"outofstock","10":"virtual","11":"product-type-simple"},"acf":[],"yoast_head":"<!-- This site is optimized with the Yoast SEO plugin v25.5 - https:\/\/yoast.com\/wordpress\/plugins\/seo\/ -->\n<title>Privater Workshop nach Mass - Annick Boltz<\/title>\n<meta name=\"robots\" content=\"index, follow, max-snippet:-1, max-image-preview:large, max-video-preview:-1\" \/>\n<link rel=\"canonical\" href=\"https:\/\/www.vintagehomemore.lu\/de\/product\/atelier-prive-personnalise-une-experience-creative-exclusive\/\" \/>\n<meta property=\"og:locale\" content=\"de_DE\" \/>\n<meta property=\"og:type\" content=\"article\" \/>\n<meta property=\"og:title\" content=\"Privater Workshop nach Mass - Annick Boltz\" \/>\n<meta property=\"og:description\" content=\"Ein exklusives kreatives Erlebnis.  Erlebe ein k\u00fcnstlerisches Abenteuer nach Ma\u00df! Meine privaten Workshops sind eine Einladung, deine Kreativit\u00e4t in absoluter Privatsph\u00e4re zu erforschen.  Perfekt f\u00fcr Einzelpersonen oder diejenigen, die eine pers\u00f6nliche Erfahrung suchen.  Alle Termine f\u00fcr das Privater Workshop nach Ma\u00df  Juli: 25.7.2025 \/  August: 1.8.2024 \/ 8.8.2024 \/ 15.8.2024 \/ 22.8.2024 \/ 29.8.2024 \/  September: 5.9.2024.\" \/>\n<meta property=\"og:url\" content=\"https:\/\/www.vintagehomemore.lu\/de\/product\/atelier-prive-personnalise-une-experience-creative-exclusive\/\" \/>\n<meta property=\"og:site_name\" content=\"Annick Boltz\" \/>\n<meta property=\"article:publisher\" content=\"https:\/\/www.facebook.com\/vintagehomemore\" \/>\n<meta property=\"article:modified_time\" content=\"2024-03-19T12:25:30+00:00\" \/>\n<meta property=\"og:image\" content=\"https:\/\/www.vintagehomemore.lu\/wp-content\/uploads\/2023\/12\/Annick-Boltz-Home-Vintage-More-workshop-1230x1230-02.jpg\" \/>\n\t<meta property=\"og:image:width\" content=\"1230\" \/>\n\t<meta property=\"og:image:height\" content=\"1230\" \/>\n\t<meta property=\"og:image:type\" content=\"image\/jpeg\" \/>\n<meta name=\"twitter:card\" content=\"summary_large_image\" \/>\n<meta name=\"twitter:label1\" content=\"Gesch\u00e4tzte Lesezeit\" \/>\n\t<meta name=\"twitter:data1\" content=\"1\u00a0Minute\" \/>\n<script type=\"application\/ld+json\" class=\"yoast-schema-graph\">{\"@context\":\"https:\/\/schema.org\",\"@graph\":[{\"@type\":\"WebPage\",\"@id\":\"https:\/\/www.vintagehomemore.lu\/de\/product\/atelier-prive-personnalise-une-experience-creative-exclusive\/\",\"url\":\"https:\/\/www.vintagehomemore.lu\/de\/product\/atelier-prive-personnalise-une-experience-creative-exclusive\/\",\"name\":\"Privater Workshop nach Mass - Annick Boltz\",\"isPartOf\":{\"@id\":\"https:\/\/www.vintagehomemore.lu\/de\/#website\"},\"primaryImageOfPage\":{\"@id\":\"https:\/\/www.vintagehomemore.lu\/de\/product\/atelier-prive-personnalise-une-experience-creative-exclusive\/#primaryimage\"},\"image\":{\"@id\":\"https:\/\/www.vintagehomemore.lu\/de\/product\/atelier-prive-personnalise-une-experience-creative-exclusive\/#primaryimage\"},\"thumbnailUrl\":\"https:\/\/www.vintagehomemore.lu\/wp-content\/uploads\/2023\/12\/Annick-Boltz-Home-Vintage-More-workshop-1230x1230-02.jpg\",\"datePublished\":\"2024-01-26T10:37:05+00:00\",\"dateModified\":\"2024-03-19T12:25:30+00:00\",\"breadcrumb\":{\"@id\":\"https:\/\/www.vintagehomemore.lu\/de\/product\/atelier-prive-personnalise-une-experience-creative-exclusive\/#breadcrumb\"},\"inLanguage\":\"de\",\"potentialAction\":[{\"@type\":\"ReadAction\",\"target\":[\"https:\/\/www.vintagehomemore.lu\/de\/product\/atelier-prive-personnalise-une-experience-creative-exclusive\/\"]}]},{\"@type\":\"ImageObject\",\"inLanguage\":\"de\",\"@id\":\"https:\/\/www.vintagehomemore.lu\/de\/product\/atelier-prive-personnalise-une-experience-creative-exclusive\/#primaryimage\",\"url\":\"https:\/\/www.vintagehomemore.lu\/wp-content\/uploads\/2023\/12\/Annick-Boltz-Home-Vintage-More-workshop-1230x1230-02.jpg\",\"contentUrl\":\"https:\/\/www.vintagehomemore.lu\/wp-content\/uploads\/2023\/12\/Annick-Boltz-Home-Vintage-More-workshop-1230x1230-02.jpg\",\"width\":1230,\"height\":1230,\"caption\":\"Annick Boltz - Home Vintage & More - 1230 x 1230 - Workshop\"},{\"@type\":\"BreadcrumbList\",\"@id\":\"https:\/\/www.vintagehomemore.lu\/de\/product\/atelier-prive-personnalise-une-experience-creative-exclusive\/#breadcrumb\",\"itemListElement\":[{\"@type\":\"ListItem\",\"position\":1,\"name\":\"Accueil\",\"item\":\"https:\/\/www.vintagehomemore.lu\/de\/\"},{\"@type\":\"ListItem\",\"position\":2,\"name\":\"Unsere Produkte\",\"item\":\"https:\/\/www.vintagehomemore.lu\/de\/shop\/\"},{\"@type\":\"ListItem\",\"position\":3,\"name\":\"Privater Workshop nach Mass\"}]},{\"@type\":\"WebSite\",\"@id\":\"https:\/\/www.vintagehomemore.lu\/de\/#website\",\"url\":\"https:\/\/www.vintagehomemore.lu\/de\/\",\"name\":\"Vintage Home & More - Annick Boltz\",\"description\":\"My WordPress Blog\",\"publisher\":{\"@id\":\"https:\/\/www.vintagehomemore.lu\/de\/#organization\"},\"potentialAction\":[{\"@type\":\"SearchAction\",\"target\":{\"@type\":\"EntryPoint\",\"urlTemplate\":\"https:\/\/www.vintagehomemore.lu\/de\/?s={search_term_string}\"},\"query-input\":{\"@type\":\"PropertyValueSpecification\",\"valueRequired\":true,\"valueName\":\"search_term_string\"}}],\"inLanguage\":\"de\"},{\"@type\":\"Organization\",\"@id\":\"https:\/\/www.vintagehomemore.lu\/de\/#organization\",\"name\":\"Vintage Home & More - Annick Boltz\",\"url\":\"https:\/\/www.vintagehomemore.lu\/de\/\",\"logo\":{\"@type\":\"ImageObject\",\"inLanguage\":\"de\",\"@id\":\"https:\/\/www.vintagehomemore.lu\/de\/#\/schema\/logo\/image\/\",\"url\":\"https:\/\/www.vintagehomemore.lu\/wp-content\/uploads\/2024\/02\/Vintage-home-more-invoice-logo.svg\",\"contentUrl\":\"https:\/\/www.vintagehomemore.lu\/wp-content\/uploads\/2024\/02\/Vintage-home-more-invoice-logo.svg\",\"width\":130,\"height\":60,\"caption\":\"Vintage Home & More - Annick Boltz\"},\"image\":{\"@id\":\"https:\/\/www.vintagehomemore.lu\/de\/#\/schema\/logo\/image\/\"},\"sameAs\":[\"https:\/\/www.facebook.com\/vintagehomemore\",\"https:\/\/www.instagram.com\/explore\/locations\/1675004086087126\/vintage-home-more\/\"]}]}<\/script>\n<!-- \/ Yoast SEO plugin. -->","yoast_head_json":{"title":"Privater Workshop nach Mass - Annick Boltz","robots":{"index":"index","follow":"follow","max-snippet":"max-snippet:-1","max-image-preview":"max-image-preview:large","max-video-preview":"max-video-preview:-1"},"canonical":"https:\/\/www.vintagehomemore.lu\/de\/product\/atelier-prive-personnalise-une-experience-creative-exclusive\/","og_locale":"de_DE","og_type":"article","og_title":"Privater Workshop nach Mass - Annick Boltz","og_description":"Ein exklusives kreatives Erlebnis.  Erlebe ein k\u00fcnstlerisches Abenteuer nach Ma\u00df! Meine privaten Workshops sind eine Einladung, deine Kreativit\u00e4t in absoluter Privatsph\u00e4re zu erforschen.  Perfekt f\u00fcr Einzelpersonen oder diejenigen, die eine pers\u00f6nliche Erfahrung suchen.  Alle Termine f\u00fcr das Privater Workshop nach Ma\u00df  Juli: 25.7.2025 \/  August: 1.8.2024 \/ 8.8.2024 \/ 15.8.2024 \/ 22.8.2024 \/ 29.8.2024 \/  September: 5.9.2024.","og_url":"https:\/\/www.vintagehomemore.lu\/de\/product\/atelier-prive-personnalise-une-experience-creative-exclusive\/","og_site_name":"Annick Boltz","article_publisher":"https:\/\/www.facebook.com\/vintagehomemore","article_modified_time":"2024-03-19T12:25:30+00:00","og_image":[{"width":1230,"height":1230,"url":"https:\/\/www.vintagehomemore.lu\/wp-content\/uploads\/2023\/12\/Annick-Boltz-Home-Vintage-More-workshop-1230x1230-02.jpg","type":"image\/jpeg"}],"twitter_card":"summary_large_image","twitter_misc":{"Gesch\u00e4tzte Lesezeit":"1\u00a0Minute"},"schema":{"@context":"https:\/\/schema.org","@graph":[{"@type":"WebPage","@id":"https:\/\/www.vintagehomemore.lu\/de\/product\/atelier-prive-personnalise-une-experience-creative-exclusive\/","url":"https:\/\/www.vintagehomemore.lu\/de\/product\/atelier-prive-personnalise-une-experience-creative-exclusive\/","name":"Privater Workshop nach Mass - Annick Boltz","isPartOf":{"@id":"https:\/\/www.vintagehomemore.lu\/de\/#website"},"primaryImageOfPage":{"@id":"https:\/\/www.vintagehomemore.lu\/de\/product\/atelier-prive-personnalise-une-experience-creative-exclusive\/#primaryimage"},"image":{"@id":"https:\/\/www.vintagehomemore.lu\/de\/product\/atelier-prive-personnalise-une-experience-creative-exclusive\/#primaryimage"},"thumbnailUrl":"https:\/\/www.vintagehomemore.lu\/wp-content\/uploads\/2023\/12\/Annick-Boltz-Home-Vintage-More-workshop-1230x1230-02.jpg","datePublished":"2024-01-26T10:37:05+00:00","dateModified":"2024-03-19T12:25:30+00:00","breadcrumb":{"@id":"https:\/\/www.vintagehomemore.lu\/de\/product\/atelier-prive-personnalise-une-experience-creative-exclusive\/#breadcrumb"},"inLanguage":"de","potentialAction":[{"@type":"ReadAction","target":["https:\/\/www.vintagehomemore.lu\/de\/product\/atelier-prive-personnalise-une-experience-creative-exclusive\/"]}]},{"@type":"ImageObject","inLanguage":"de","@id":"https:\/\/www.vintagehomemore.lu\/de\/product\/atelier-prive-personnalise-une-experience-creative-exclusive\/#primaryimage","url":"https:\/\/www.vintagehomemore.lu\/wp-content\/uploads\/2023\/12\/Annick-Boltz-Home-Vintage-More-workshop-1230x1230-02.jpg","contentUrl":"https:\/\/www.vintagehomemore.lu\/wp-content\/uploads\/2023\/12\/Annick-Boltz-Home-Vintage-More-workshop-1230x1230-02.jpg","width":1230,"height":1230,"caption":"Annick Boltz - Home Vintage & More - 1230 x 1230 - Workshop"},{"@type":"BreadcrumbList","@id":"https:\/\/www.vintagehomemore.lu\/de\/product\/atelier-prive-personnalise-une-experience-creative-exclusive\/#breadcrumb","itemListElement":[{"@type":"ListItem","position":1,"name":"Accueil","item":"https:\/\/www.vintagehomemore.lu\/de\/"},{"@type":"ListItem","position":2,"name":"Unsere Produkte","item":"https:\/\/www.vintagehomemore.lu\/de\/shop\/"},{"@type":"ListItem","position":3,"name":"Privater Workshop nach Mass"}]},{"@type":"WebSite","@id":"https:\/\/www.vintagehomemore.lu\/de\/#website","url":"https:\/\/www.vintagehomemore.lu\/de\/","name":"Vintage Home & More - Annick Boltz","description":"My WordPress Blog","publisher":{"@id":"https:\/\/www.vintagehomemore.lu\/de\/#organization"},"potentialAction":[{"@type":"SearchAction","target":{"@type":"EntryPoint","urlTemplate":"https:\/\/www.vintagehomemore.lu\/de\/?s={search_term_string}"},"query-input":{"@type":"PropertyValueSpecification","valueRequired":true,"valueName":"search_term_string"}}],"inLanguage":"de"},{"@type":"Organization","@id":"https:\/\/www.vintagehomemore.lu\/de\/#organization","name":"Vintage Home & More - Annick Boltz","url":"https:\/\/www.vintagehomemore.lu\/de\/","logo":{"@type":"ImageObject","inLanguage":"de","@id":"https:\/\/www.vintagehomemore.lu\/de\/#\/schema\/logo\/image\/","url":"https:\/\/www.vintagehomemore.lu\/wp-content\/uploads\/2024\/02\/Vintage-home-more-invoice-logo.svg","contentUrl":"https:\/\/www.vintagehomemore.lu\/wp-content\/uploads\/2024\/02\/Vintage-home-more-invoice-logo.svg","width":130,"height":60,"caption":"Vintage Home & More - Annick Boltz"},"image":{"@id":"https:\/\/www.vintagehomemore.lu\/de\/#\/schema\/logo\/image\/"},"sameAs":["https:\/\/www.facebook.com\/vintagehomemore","https:\/\/www.instagram.com\/explore\/locations\/1675004086087126\/vintage-home-more\/"]}]}},"_links":{"self":[{"href":"https:\/\/www.vintagehomemore.lu\/de\/wp-json\/wp\/v2\/product\/1023","targetHints":{"allow":["GET"]}}],"collection":[{"href":"https:\/\/www.vintagehomemore.lu\/de\/wp-json\/wp\/v2\/product"}],"about":[{"href":"https:\/\/www.vintagehomemore.lu\/de\/wp-json\/wp\/v2\/types\/product"}],"wp:featuredmedia":[{"embeddable":true,"href":"https:\/\/www.vintagehomemore.lu\/de\/wp-json\/wp\/v2\/media\/992"}],"wp:attachment":[{"href":"https:\/\/www.vintagehomemore.lu\/de\/wp-json\/wp\/v2\/media?parent=1023"}],"wp:term":[{"taxonomy":"product_brand","embeddable":true,"href":"https:\/\/www.vintagehomemore.lu\/de\/wp-json\/wp\/v2\/product_brand?post=1023"},{"taxonomy":"product_cat","embeddable":true,"href":"https:\/\/www.vintagehomemore.lu\/de\/wp-json\/wp\/v2\/product_cat?post=1023"},{"taxonomy":"product_tag","embeddable":true,"href":"https:\/\/www.vintagehomemore.lu\/de\/wp-json\/wp\/v2\/product_tag?post=1023"}],"curies":[{"name":"wp","href":"https:\/\/api.w.org\/{rel}","templated":true}]}}