{"id":51,"date":"2023-12-07T05:03:07","date_gmt":"2023-12-07T05:03:07","guid":{"rendered":"https:\/\/vintagehomemore.lu\/?page_id=51"},"modified":"2024-02-08T13:25:10","modified_gmt":"2024-02-08T13:25:10","slug":"imprint","status":"publish","type":"page","link":"https:\/\/www.vintagehomemore.lu\/en\/imprint\/","title":{"rendered":"Imprint"},"content":{"rendered":"<h2>Identification de la soci\u00e9t\u00e9<\/h2>\n<p>D\u00e9nomination sociale : VINTAGE HOME &amp; MORE &#8211; Annick Boltz<br \/>\nAdresse du si\u00e8ge social : 45, Dikrecherstrooss L-8523 Beckerich. Luxembourg<br \/>\nT\u00e9l\u00e9phone : +352 661 968396<br \/>\nEmail : vintagehomemore@gmail.com<br \/>\nAutorisation d\u2019Etablissement: 10072396\/0<\/p>\n<h2>D\u00e9veloppement du site<\/h2>\n<p>AMYMA WEB S.\u00e0 r.l. :<br \/>\n14, Rue Strachen<br \/>\nL-6933 Mensdorf<br \/>\nLUXEMBOURG<\/p>\n<p>Registre de commerce : B179711<br \/>\nTel: +352 29 71 24<br \/>\nEmail: info@amyma.lu<\/p>\n<h2>H\u00e9bergement du site<\/h2>\n<p>Hetzner Online GmbH<br \/>\nIndustriestr. 25<br \/>\n91710 Gunzenhausen<br \/>\nAllemagne<\/p>\n<h2>D\u00e9claration de non-responsabilit\u00e9<\/h2>\n<p>Toutes les informations se trouvant sur ce site ont \u00e9t\u00e9 recherch\u00e9es consciencieusement.<\/p>\n<p>En aucun cas, le propri\u00e9taire du Site, ni son h\u00e9bergeur, ni son concepteur, ni son webmaster ne peut \u00eatre tenu responsable :<\/p>\n<ul>\n<li>du contenu de ce Site, en particulier des articles qui y sont publi\u00e9s, notamment en cas d\u2019erreur, d\u2019inexactitude ou d\u2019impr\u00e9cision. L\u2019Internaute est invit\u00e9 \u00e0 consulter, en cas de besoin, le propri\u00e9taire du Site ou un autre sp\u00e9cialiste qui le conseillera ad\u00e9quatement eu \u00e9gard \u00e0 sa situation ;<\/li>\n<li>des informations pr\u00e9sent\u00e9es sur les autres sites qui auraient \u00e9tabli un lien hypertextes avec ce Site ;<\/li>\n<li>des messages sur le blog du Site int\u00e9gr\u00e9s par les Internautes, notamment dans les cas o\u00f9 ils enfreignent les droits d\u2019auteur d\u2019un tiers, porte pr\u00e9judice \u00e0 autrui ou disposent d\u2019\u00e9l\u00e9ments \u00e9tant sanctionn\u00e9s par la loi.<\/li>\n<li>de l&#8217;introduction de virus informatique se propageant par le r\u00e9seau Internet ;<\/li>\n<li>les dommages caus\u00e9s du fait d&#8217;un piratage informatique ou du fait de hackers.<\/li>\n<\/ul>\n<p>Tous les renseignements sont donn\u00e9s sous r\u00e9serve de modification.<\/p>\n<p><!--\n\n\n\n<h2>Identification de la soci\u00e9t\u00e9<\/h2>\n\n\nD\u00e9nomination sociale : VINTAGE HOME &amp; MORE - Annick Boltz\nAdresse du si\u00e8ge social : 45, Dikrecherstrooss L-8523 Beckerich. Luxembourg\nT\u00e9l\u00e9phone : +352 661 968396\nEmail : vintagehomemore@gmail.com\nAutorisation d\u2019Etablissement: 10072396\/0\n\n\n<h2>Informations du Site<\/h2>\n\n\nLe contenu de ce site (ci-apr\u00e8s d\u00e9nomm\u00e9 le \u00ab Site \u00bb, ce qui inclut toutes les pages du Site) est purement informatif et a pour objet la transmission d\u2019informations \u00e0 usage priv\u00e9.\n\nToutes les informations accessibles sur ce Site (contenus, donn\u00e9es, articles, dossiers, fiches pratiques, documents t\u00e9l\u00e9chargeables, repr\u00e9sentations iconographiques, photos, images, sch\u00e9mas, logos, etc.., ci-apr\u00e8s d\u00e9nomm\u00e9es les \u00ab Informations du Site \u00bb) sont la propri\u00e9t\u00e9 exclusive de Vintage Home &amp; More - Annick Boltz (ci-apr\u00e8s d\u00e9nomm\u00e9 le \u00ab Propri\u00e9taire du Site \u00bb) dont les coordonn\u00e9es sont mentionn\u00e9es \u00e0 la page \u00ab contact \u00bb du Site.\n\nElles sont prot\u00e9g\u00e9es par les dispositions nationales et internationales relatives \u00e0 la propri\u00e9t\u00e9 intellectuelle. En aucun cas, elles ne peuvent \u00eatre commercialis\u00e9es, modifi\u00e9es, d\u00e9compil\u00e9es, diffus\u00e9es, traduites, copi\u00e9es, exploit\u00e9es de quelle que mani\u00e8re que ce soit et par qui que ce soit, sans l\u2019accord pr\u00e9alable et \u00e9crit du propri\u00e9taire du Site.\n\nIl est cependant autoris\u00e9 de cr\u00e9er, sans demande pr\u00e9alable faite au propri\u00e9taire du Site, des liens en surface (surface linking) qui renvoient \u00e0 la page d'accueil de ce Site ou \u00e0 toute autre page du Site. Par contre, le recours \u00e0 toutes techniques visant \u00e0 inclure tout ou partie de ce site web dans un site Internet en masquant ne serait-ce que partiellement l'origine exacte de l'information ou pouvant pr\u00eater \u00e0 confusion sur l'origine de l'information, telle que le framing ou l'in-lining, requiert l'autorisation \u00e9crite du propri\u00e9taire du Site.\n\n\n<h2>Donn\u00e9es personnelles<\/h2>\n\n\nCe Site collecte les donn\u00e9es personnelles des internautes (ci-apr\u00e8s d\u00e9nomm\u00e9s le ou les \u00ab Internaute(s) \u00bb) qui transmettent leur adresse mail et\/ou leurs coordonn\u00e9es via ce Site, qui s\u2019inscrivent \u00e0 la newsletter ou qui envoient un mail via la page \u00ab contact \u00bb.\n\nLe propri\u00e9taire de ce Site, son h\u00e9bergeur, son concepteur, son webmaster s\u2019engagent \u00e0 ne jamais divulguer la moindre information et coordonn\u00e9es re\u00e7ues de l\u2019Internaute, ni les vendre, ni les c\u00e9der sans consentement de celui-ci. Conform\u00e9ment \u00e0 la loi, chaque internaute a un droit d\u2019opposition, d\u2019acc\u00e8s, de rectification et de suppression des donn\u00e9es r\u00e9colt\u00e9es.\n\n\n\n<h2>Exon\u00e9ration de responsabilit\u00e9<\/h2>\n\n\nEn aucun cas, le propri\u00e9taire du Site, ni son h\u00e9bergeur, ni son concepteur, ni son webmaster ne peut \u00eatre tenu responsable :\n\n\n<ul>\n \t\n\n<li>du contenu de ce Site, en particulier des articles qui y sont publi\u00e9s, notamment en cas d\u2019erreur, d\u2019inexactitude ou d\u2019impr\u00e9cision. L\u2019Internaute est invit\u00e9 \u00e0 consulter, en cas de besoin, le propri\u00e9taire du Site ou un autre sp\u00e9cialiste qui le conseillera ad\u00e9quatement eu \u00e9gard \u00e0 sa situation ;<\/li>\n\n\n \t\n\n<li>des informations pr\u00e9sent\u00e9es sur les autres sites qui auraient \u00e9tabli un lien hypertextes avec ce Site ;<\/li>\n\n\n \t\n\n<li>des messages sur le blog du Site int\u00e9gr\u00e9s par les Internautes, notamment dans les cas o\u00f9 ils enfreignent les droits d\u2019auteur d\u2019un tiers, porte pr\u00e9judice \u00e0 autrui ou disposent d\u2019\u00e9l\u00e9ments \u00e9tant sanctionn\u00e9s par la loi.<\/li>\n\n\n \t\n\n<li>de l'introduction de virus informatique se propageant par le r\u00e9seau Internet ;<\/li>\n\n\n \t\n\n<li>les dommages caus\u00e9s du fait d'un piratage informatique ou du fait de hackers.<\/li>\n\n\n<\/ul>\n\n\n\n\n\n<h2>D\u00e9veloppement du site<\/h2>\n\n\nLa conception (sauf les Informations du Site), le d\u00e9veloppement, l\u2019h\u00e9bergement, la maintenance technique et les mises \u00e0 jour sont assur\u00e9s par :\n\nAMYMA WEB S.\u00e0 r.l. :\n14, Rue Strachen\nL-6933 Mensdorf\nLUXEMBOURG\n\nRegistre de commerce : B179711\nTel: +352 29 71 24\nEmail: info@amyma.lu\n\n\n\n<h2>H\u00e9bergement du site<\/h2>\n\n\nHetzner Online GmbH\nIndustriestr. 25\n91710 Gunzenhausen\nAllemagne\n\n\n\n<h2>Politique de confidentialit\u00e9<\/h2>\n\n\n<strong>Traitement des donn\u00e9es \u00e0 caract\u00e8re personnel des visiteurs et des utilisateurs.<\/strong>\n\nToute personne (non publique) qui appara\u00eetrait sur une photographie et qui n'a pas autoris\u00e9 express\u00e9ment sa diffusion sur le Site peut exiger, sur simple demande au propri\u00e9taire du Site, de la faire retirer.\n\nLe contr\u00f4leur des donn\u00e9es est la soci\u00e9t\u00e9 Vintage Home &amp; More - Annick Boltz.\n\nLe processeur du traitement de ces donn\u00e9es est l'agence :\n\nAMYMA WEB S.\u00e0 r.l. :\n14, Rue Strachen\nL-6933 Mensdorf\nLUXEMBOURG\n\nLes donn\u00e9es personnelles que vous ins\u00e9rez sur le site Internet Vintage Home &amp; More sont stock\u00e9es sans limite de temps.\n\nVous \u00eates cependant en mesure de :\n\n\n<ul>\n \t\n\n<li>demander l'acc\u00e8s \u00e0 vos donn\u00e9es (sous format structur\u00e9)<\/li>\n\n\n \t\n\n<li>demander le droit de rectification et modification ou effacement de vos donn\u00e9es<\/li>\n\n\n \t\n\n<li>demander l'effacement complet de vos donn\u00e9es<\/li>\n\n\n<\/ul>\n\n\nPour toutes demandes veuillez adresser un mail \u00e0 l'adresse info@amyma.lu ou utiliser l'interface de votre compte.\n\n\n<h2>Droit \u00e0 l'image<\/h2>\n\n\nToute personne (non publique) qui appara\u00eetrait sur une photographie et qui n'a pas autoris\u00e9 express\u00e9ment sa diffusion sur le Site peut exiger, sur simple demande au propri\u00e9taire du Site, de la faire retirer.\n\n\n\n<h2>Modification des mentions l\u00e9gales<\/h2>\n\n\nLes pr\u00e9sentes mentions l\u00e9gales peuvent \u00eatre modifi\u00e9es \u00e0 tout moment, sans avertissement des Internautes. Toute modification prend effet \u00e0 date de publication sur le Site. Le fait de continuer \u00e0 acc\u00e9der \u00e0 ce site apr\u00e8s la publication de ces changements valide l\u2019acceptation de ces changements par l\u2019Internaute.\n\n--><\/p>\n","protected":false},"excerpt":{"rendered":"<p>Identification de la soci\u00e9t\u00e9 D\u00e9nomination sociale : VINTAGE HOME &amp; MORE &#8211; Annick Boltz Adresse du si\u00e8ge social : 45, Dikrecherstrooss L-8523 Beckerich. Luxembourg T\u00e9l\u00e9phone : +352 661 968396 Email&#8230;<\/p>\n","protected":false},"author":1,"featured_media":0,"parent":0,"menu_order":0,"comment_status":"closed","ping_status":"closed","template":"page-templates\/template-sidebar-scroll.php","meta":{"_acf_changed":false,"inline_featured_image":false,"footnotes":""},"class_list":["post-51","page","type-page","status-publish","hentry"],"acf":[],"yoast_head":"<!-- This site is optimized with the Yoast SEO plugin v25.5 - https:\/\/yoast.com\/wordpress\/plugins\/seo\/ -->\n<title>Imprint - Annick Boltz<\/title>\n<meta name=\"robots\" content=\"index, follow, max-snippet:-1, max-image-preview:large, max-video-preview:-1\" \/>\n<link rel=\"canonical\" href=\"https:\/\/www.vintagehomemore.lu\/en\/imprint\/\" \/>\n<meta property=\"og:locale\" content=\"en_US\" \/>\n<meta property=\"og:type\" content=\"article\" \/>\n<meta property=\"og:title\" content=\"Imprint - Annick Boltz\" \/>\n<meta property=\"og:description\" content=\"Identification de la soci\u00e9t\u00e9 D\u00e9nomination sociale : VINTAGE HOME &amp; MORE &#8211; Annick Boltz Adresse du si\u00e8ge social : 45, Dikrecherstrooss L-8523 Beckerich. Luxembourg T\u00e9l\u00e9phone : +352 661 968396 Email...\" \/>\n<meta property=\"og:url\" content=\"https:\/\/www.vintagehomemore.lu\/en\/imprint\/\" \/>\n<meta property=\"og:site_name\" content=\"Annick Boltz\" \/>\n<meta property=\"article:publisher\" content=\"https:\/\/www.facebook.com\/vintagehomemore\" \/>\n<meta property=\"article:modified_time\" content=\"2024-02-08T13:25:10+00:00\" \/>\n<meta name=\"twitter:card\" content=\"summary_large_image\" \/>\n<meta name=\"twitter:label1\" content=\"Est. reading time\" \/>\n\t<meta name=\"twitter:data1\" content=\"1 minute\" \/>\n<script type=\"application\/ld+json\" class=\"yoast-schema-graph\">{\"@context\":\"https:\/\/schema.org\",\"@graph\":[{\"@type\":\"WebPage\",\"@id\":\"https:\/\/www.vintagehomemore.lu\/en\/imprint\/\",\"url\":\"https:\/\/www.vintagehomemore.lu\/en\/imprint\/\",\"name\":\"Imprint - Annick Boltz\",\"isPartOf\":{\"@id\":\"https:\/\/www.vintagehomemore.lu\/en\/#website\"},\"datePublished\":\"2023-12-07T05:03:07+00:00\",\"dateModified\":\"2024-02-08T13:25:10+00:00\",\"breadcrumb\":{\"@id\":\"https:\/\/www.vintagehomemore.lu\/en\/imprint\/#breadcrumb\"},\"inLanguage\":\"en-US\",\"potentialAction\":[{\"@type\":\"ReadAction\",\"target\":[\"https:\/\/www.vintagehomemore.lu\/en\/imprint\/\"]}]},{\"@type\":\"BreadcrumbList\",\"@id\":\"https:\/\/www.vintagehomemore.lu\/en\/imprint\/#breadcrumb\",\"itemListElement\":[{\"@type\":\"ListItem\",\"position\":1,\"name\":\"Accueil\",\"item\":\"https:\/\/www.vintagehomemore.lu\/en\/\"},{\"@type\":\"ListItem\",\"position\":2,\"name\":\"Imprint\"}]},{\"@type\":\"WebSite\",\"@id\":\"https:\/\/www.vintagehomemore.lu\/en\/#website\",\"url\":\"https:\/\/www.vintagehomemore.lu\/en\/\",\"name\":\"Vintage Home & More - Annick Boltz\",\"description\":\"My WordPress Blog\",\"publisher\":{\"@id\":\"https:\/\/www.vintagehomemore.lu\/en\/#organization\"},\"potentialAction\":[{\"@type\":\"SearchAction\",\"target\":{\"@type\":\"EntryPoint\",\"urlTemplate\":\"https:\/\/www.vintagehomemore.lu\/en\/?s={search_term_string}\"},\"query-input\":{\"@type\":\"PropertyValueSpecification\",\"valueRequired\":true,\"valueName\":\"search_term_string\"}}],\"inLanguage\":\"en-US\"},{\"@type\":\"Organization\",\"@id\":\"https:\/\/www.vintagehomemore.lu\/en\/#organization\",\"name\":\"Vintage Home & More - Annick Boltz\",\"url\":\"https:\/\/www.vintagehomemore.lu\/en\/\",\"logo\":{\"@type\":\"ImageObject\",\"inLanguage\":\"en-US\",\"@id\":\"https:\/\/www.vintagehomemore.lu\/en\/#\/schema\/logo\/image\/\",\"url\":\"https:\/\/www.vintagehomemore.lu\/wp-content\/uploads\/2024\/02\/Vintage-home-more-invoice-logo.svg\",\"contentUrl\":\"https:\/\/www.vintagehomemore.lu\/wp-content\/uploads\/2024\/02\/Vintage-home-more-invoice-logo.svg\",\"width\":130,\"height\":60,\"caption\":\"Vintage Home & More - Annick Boltz\"},\"image\":{\"@id\":\"https:\/\/www.vintagehomemore.lu\/en\/#\/schema\/logo\/image\/\"},\"sameAs\":[\"https:\/\/www.facebook.com\/vintagehomemore\",\"https:\/\/www.instagram.com\/explore\/locations\/1675004086087126\/vintage-home-more\/\"]}]}<\/script>\n<!-- \/ Yoast SEO plugin. -->","yoast_head_json":{"title":"Imprint - Annick Boltz","robots":{"index":"index","follow":"follow","max-snippet":"max-snippet:-1","max-image-preview":"max-image-preview:large","max-video-preview":"max-video-preview:-1"},"canonical":"https:\/\/www.vintagehomemore.lu\/en\/imprint\/","og_locale":"en_US","og_type":"article","og_title":"Imprint - Annick Boltz","og_description":"Identification de la soci\u00e9t\u00e9 D\u00e9nomination sociale : VINTAGE HOME &amp; MORE &#8211; Annick Boltz Adresse du si\u00e8ge social : 45, Dikrecherstrooss L-8523 Beckerich. Luxembourg T\u00e9l\u00e9phone : +352 661 968396 Email...","og_url":"https:\/\/www.vintagehomemore.lu\/en\/imprint\/","og_site_name":"Annick Boltz","article_publisher":"https:\/\/www.facebook.com\/vintagehomemore","article_modified_time":"2024-02-08T13:25:10+00:00","twitter_card":"summary_large_image","twitter_misc":{"Est. reading time":"1 minute"},"schema":{"@context":"https:\/\/schema.org","@graph":[{"@type":"WebPage","@id":"https:\/\/www.vintagehomemore.lu\/en\/imprint\/","url":"https:\/\/www.vintagehomemore.lu\/en\/imprint\/","name":"Imprint - Annick Boltz","isPartOf":{"@id":"https:\/\/www.vintagehomemore.lu\/en\/#website"},"datePublished":"2023-12-07T05:03:07+00:00","dateModified":"2024-02-08T13:25:10+00:00","breadcrumb":{"@id":"https:\/\/www.vintagehomemore.lu\/en\/imprint\/#breadcrumb"},"inLanguage":"en-US","potentialAction":[{"@type":"ReadAction","target":["https:\/\/www.vintagehomemore.lu\/en\/imprint\/"]}]},{"@type":"BreadcrumbList","@id":"https:\/\/www.vintagehomemore.lu\/en\/imprint\/#breadcrumb","itemListElement":[{"@type":"ListItem","position":1,"name":"Accueil","item":"https:\/\/www.vintagehomemore.lu\/en\/"},{"@type":"ListItem","position":2,"name":"Imprint"}]},{"@type":"WebSite","@id":"https:\/\/www.vintagehomemore.lu\/en\/#website","url":"https:\/\/www.vintagehomemore.lu\/en\/","name":"Vintage Home & More - Annick Boltz","description":"My WordPress Blog","publisher":{"@id":"https:\/\/www.vintagehomemore.lu\/en\/#organization"},"potentialAction":[{"@type":"SearchAction","target":{"@type":"EntryPoint","urlTemplate":"https:\/\/www.vintagehomemore.lu\/en\/?s={search_term_string}"},"query-input":{"@type":"PropertyValueSpecification","valueRequired":true,"valueName":"search_term_string"}}],"inLanguage":"en-US"},{"@type":"Organization","@id":"https:\/\/www.vintagehomemore.lu\/en\/#organization","name":"Vintage Home & More - Annick Boltz","url":"https:\/\/www.vintagehomemore.lu\/en\/","logo":{"@type":"ImageObject","inLanguage":"en-US","@id":"https:\/\/www.vintagehomemore.lu\/en\/#\/schema\/logo\/image\/","url":"https:\/\/www.vintagehomemore.lu\/wp-content\/uploads\/2024\/02\/Vintage-home-more-invoice-logo.svg","contentUrl":"https:\/\/www.vintagehomemore.lu\/wp-content\/uploads\/2024\/02\/Vintage-home-more-invoice-logo.svg","width":130,"height":60,"caption":"Vintage Home & More - Annick Boltz"},"image":{"@id":"https:\/\/www.vintagehomemore.lu\/en\/#\/schema\/logo\/image\/"},"sameAs":["https:\/\/www.facebook.com\/vintagehomemore","https:\/\/www.instagram.com\/explore\/locations\/1675004086087126\/vintage-home-more\/"]}]}},"_links":{"self":[{"href":"https:\/\/www.vintagehomemore.lu\/en\/wp-json\/wp\/v2\/pages\/51","targetHints":{"allow":["GET"]}}],"collection":[{"href":"https:\/\/www.vintagehomemore.lu\/en\/wp-json\/wp\/v2\/pages"}],"about":[{"href":"https:\/\/www.vintagehomemore.lu\/en\/wp-json\/wp\/v2\/types\/page"}],"author":[{"embeddable":true,"href":"https:\/\/www.vintagehomemore.lu\/en\/wp-json\/wp\/v2\/users\/1"}],"replies":[{"embeddable":true,"href":"https:\/\/www.vintagehomemore.lu\/en\/wp-json\/wp\/v2\/comments?post=51"}],"version-history":[{"count":9,"href":"https:\/\/www.vintagehomemore.lu\/en\/wp-json\/wp\/v2\/pages\/51\/revisions"}],"predecessor-version":[{"id":1067,"href":"https:\/\/www.vintagehomemore.lu\/en\/wp-json\/wp\/v2\/pages\/51\/revisions\/1067"}],"wp:attachment":[{"href":"https:\/\/www.vintagehomemore.lu\/en\/wp-json\/wp\/v2\/media?parent=51"}],"curies":[{"name":"wp","href":"https:\/\/api.w.org\/{rel}","templated":true}]}}