{"id":2349,"date":"2024-05-22T08:10:26","date_gmt":"2024-05-22T08:10:26","guid":{"rendered":"https:\/\/www.vintagehomemore.lu\/?post_type=product&#038;p=2349"},"modified":"2024-05-22T08:10:10","modified_gmt":"2024-05-22T08:10:10","slug":"atelier-creatif-de-techniques-mixtes","status":"publish","type":"product","link":"https:\/\/www.vintagehomemore.lu\/en\/product\/atelier-creatif-de-techniques-mixtes\/","title":{"rendered":"Atelier Cr\u00e9atif de Techniques Mixtes"},"content":{"rendered":"<p>Programme<br \/>\n<!--\n\n\n<ul style=\"color: #ffffff;\"> --><\/p>\n<ul>\n<li>mise en peinture<\/li>\n<li>comment travailler des d\u00e9coupages divers<\/li>\n<li>le travail au pochoirs<\/li>\n<li>apposer et estomper diff\u00e9rents tons de couleurs<\/li>\n<li>apposer un transfer p\u00e9lliculable<\/li>\n<li>apposer des tampons en silicone<\/li>\n<li>r\u00e9aliser une patine avec des couleurs et des cires \u00e0 patiner.<\/li>\n<\/ul>\n<p>Les techniques apprises peuvent \u00eatre utilis\u00e9s par apr\u00e8s sur des meubles, des murs et toute sorte d\u2019objets de d\u00e9coration.<\/p>\n<p>Inscrivez-vous, profitez d&#8217;une exp\u00e9rience enrichissante et repartez avec une d\u00e9marche cr\u00e9ative inoubliable.<\/p>\n","protected":false},"excerpt":{"rendered":"<p>L&#8217;Art de la Transformation \u00c9coresponsable<\/p>\n<p>Pendant cet ateliers nous allons cr\u00e9er un panneau d\u00e9coratif en bois\/caisse en bois en utilisant des techniques diff\u00e9rentes.<\/p>\n","protected":false},"featured_media":935,"template":"","meta":{"_acf_changed":false,"inline_featured_image":false},"product_brand":[],"product_cat":[57],"product_tag":[],"class_list":{"0":"post-2349","1":"product","2":"type-product","3":"status-publish","4":"has-post-thumbnail","6":"product_cat-workshop","8":"first","9":"instock","10":"taxable","11":"shipping-taxable","12":"purchasable","13":"product-type-variable"},"acf":[],"yoast_head":"<!-- This site is optimized with the Yoast SEO plugin v25.5 - https:\/\/yoast.com\/wordpress\/plugins\/seo\/ -->\n<title>Atelier Cr\u00e9atif de Techniques Mixtes - Annick Boltz<\/title>\n<meta name=\"robots\" content=\"index, follow, max-snippet:-1, max-image-preview:large, max-video-preview:-1\" \/>\n<link rel=\"canonical\" href=\"https:\/\/www.vintagehomemore.lu\/en\/product\/atelier-creatif-de-techniques-mixtes\/\" \/>\n<meta property=\"og:locale\" content=\"en_US\" \/>\n<meta property=\"og:type\" content=\"article\" \/>\n<meta property=\"og:title\" content=\"Atelier Cr\u00e9atif de Techniques Mixtes - Annick Boltz\" \/>\n<meta property=\"og:description\" content=\"L&#039;Art de la Transformation \u00c9coresponsable  Pendant cet ateliers nous allons cr\u00e9er un panneau d\u00e9coratif en bois\/caisse en bois en utilisant des techniques diff\u00e9rentes.\" \/>\n<meta property=\"og:url\" content=\"https:\/\/www.vintagehomemore.lu\/en\/product\/atelier-creatif-de-techniques-mixtes\/\" \/>\n<meta property=\"og:site_name\" content=\"Annick Boltz\" \/>\n<meta property=\"article:publisher\" content=\"https:\/\/www.facebook.com\/vintagehomemore\" \/>\n<meta property=\"og:image\" content=\"https:\/\/www.vintagehomemore.lu\/wp-content\/uploads\/2023\/12\/vintage-home-more-product-001-03.jpg\" \/>\n\t<meta property=\"og:image:width\" content=\"1236\" \/>\n\t<meta property=\"og:image:height\" content=\"1236\" \/>\n\t<meta property=\"og:image:type\" content=\"image\/jpeg\" \/>\n<meta name=\"twitter:card\" content=\"summary_large_image\" \/>\n<meta name=\"twitter:label1\" content=\"Est. reading time\" \/>\n\t<meta name=\"twitter:data1\" content=\"1 minute\" \/>\n<script type=\"application\/ld+json\" class=\"yoast-schema-graph\">{\"@context\":\"https:\/\/schema.org\",\"@graph\":[{\"@type\":\"WebPage\",\"@id\":\"https:\/\/www.vintagehomemore.lu\/en\/product\/atelier-creatif-de-techniques-mixtes\/\",\"url\":\"https:\/\/www.vintagehomemore.lu\/en\/product\/atelier-creatif-de-techniques-mixtes\/\",\"name\":\"Atelier Cr\u00e9atif de Techniques Mixtes - Annick Boltz\",\"isPartOf\":{\"@id\":\"https:\/\/www.vintagehomemore.lu\/en\/#website\"},\"primaryImageOfPage\":{\"@id\":\"https:\/\/www.vintagehomemore.lu\/en\/product\/atelier-creatif-de-techniques-mixtes\/#primaryimage\"},\"image\":{\"@id\":\"https:\/\/www.vintagehomemore.lu\/en\/product\/atelier-creatif-de-techniques-mixtes\/#primaryimage\"},\"thumbnailUrl\":\"https:\/\/www.vintagehomemore.lu\/wp-content\/uploads\/2023\/12\/vintage-home-more-product-001-03.jpg\",\"datePublished\":\"2024-05-22T08:10:26+00:00\",\"breadcrumb\":{\"@id\":\"https:\/\/www.vintagehomemore.lu\/en\/product\/atelier-creatif-de-techniques-mixtes\/#breadcrumb\"},\"inLanguage\":\"en-US\",\"potentialAction\":[{\"@type\":\"ReadAction\",\"target\":[\"https:\/\/www.vintagehomemore.lu\/en\/product\/atelier-creatif-de-techniques-mixtes\/\"]}]},{\"@type\":\"ImageObject\",\"inLanguage\":\"en-US\",\"@id\":\"https:\/\/www.vintagehomemore.lu\/en\/product\/atelier-creatif-de-techniques-mixtes\/#primaryimage\",\"url\":\"https:\/\/www.vintagehomemore.lu\/wp-content\/uploads\/2023\/12\/vintage-home-more-product-001-03.jpg\",\"contentUrl\":\"https:\/\/www.vintagehomemore.lu\/wp-content\/uploads\/2023\/12\/vintage-home-more-product-001-03.jpg\",\"width\":1236,\"height\":1236},{\"@type\":\"BreadcrumbList\",\"@id\":\"https:\/\/www.vintagehomemore.lu\/en\/product\/atelier-creatif-de-techniques-mixtes\/#breadcrumb\",\"itemListElement\":[{\"@type\":\"ListItem\",\"position\":1,\"name\":\"Accueil\",\"item\":\"https:\/\/www.vintagehomemore.lu\/en\/\"},{\"@type\":\"ListItem\",\"position\":2,\"name\":\"Our Products\",\"item\":\"https:\/\/www.vintagehomemore.lu\/en\/shop\/\"},{\"@type\":\"ListItem\",\"position\":3,\"name\":\"Atelier Cr\u00e9atif de Techniques Mixtes\"}]},{\"@type\":\"WebSite\",\"@id\":\"https:\/\/www.vintagehomemore.lu\/en\/#website\",\"url\":\"https:\/\/www.vintagehomemore.lu\/en\/\",\"name\":\"Vintage Home & More - Annick Boltz\",\"description\":\"My WordPress Blog\",\"publisher\":{\"@id\":\"https:\/\/www.vintagehomemore.lu\/en\/#organization\"},\"potentialAction\":[{\"@type\":\"SearchAction\",\"target\":{\"@type\":\"EntryPoint\",\"urlTemplate\":\"https:\/\/www.vintagehomemore.lu\/en\/?s={search_term_string}\"},\"query-input\":{\"@type\":\"PropertyValueSpecification\",\"valueRequired\":true,\"valueName\":\"search_term_string\"}}],\"inLanguage\":\"en-US\"},{\"@type\":\"Organization\",\"@id\":\"https:\/\/www.vintagehomemore.lu\/en\/#organization\",\"name\":\"Vintage Home & More - Annick Boltz\",\"url\":\"https:\/\/www.vintagehomemore.lu\/en\/\",\"logo\":{\"@type\":\"ImageObject\",\"inLanguage\":\"en-US\",\"@id\":\"https:\/\/www.vintagehomemore.lu\/en\/#\/schema\/logo\/image\/\",\"url\":\"https:\/\/www.vintagehomemore.lu\/wp-content\/uploads\/2024\/02\/Vintage-home-more-invoice-logo.svg\",\"contentUrl\":\"https:\/\/www.vintagehomemore.lu\/wp-content\/uploads\/2024\/02\/Vintage-home-more-invoice-logo.svg\",\"width\":130,\"height\":60,\"caption\":\"Vintage Home & More - Annick Boltz\"},\"image\":{\"@id\":\"https:\/\/www.vintagehomemore.lu\/en\/#\/schema\/logo\/image\/\"},\"sameAs\":[\"https:\/\/www.facebook.com\/vintagehomemore\",\"https:\/\/www.instagram.com\/explore\/locations\/1675004086087126\/vintage-home-more\/\"]}]}<\/script>\n<!-- \/ Yoast SEO plugin. -->","yoast_head_json":{"title":"Atelier Cr\u00e9atif de Techniques Mixtes - Annick Boltz","robots":{"index":"index","follow":"follow","max-snippet":"max-snippet:-1","max-image-preview":"max-image-preview:large","max-video-preview":"max-video-preview:-1"},"canonical":"https:\/\/www.vintagehomemore.lu\/en\/product\/atelier-creatif-de-techniques-mixtes\/","og_locale":"en_US","og_type":"article","og_title":"Atelier Cr\u00e9atif de Techniques Mixtes - Annick Boltz","og_description":"L'Art de la Transformation \u00c9coresponsable  Pendant cet ateliers nous allons cr\u00e9er un panneau d\u00e9coratif en bois\/caisse en bois en utilisant des techniques diff\u00e9rentes.","og_url":"https:\/\/www.vintagehomemore.lu\/en\/product\/atelier-creatif-de-techniques-mixtes\/","og_site_name":"Annick Boltz","article_publisher":"https:\/\/www.facebook.com\/vintagehomemore","og_image":[{"width":1236,"height":1236,"url":"https:\/\/www.vintagehomemore.lu\/wp-content\/uploads\/2023\/12\/vintage-home-more-product-001-03.jpg","type":"image\/jpeg"}],"twitter_card":"summary_large_image","twitter_misc":{"Est. reading time":"1 minute"},"schema":{"@context":"https:\/\/schema.org","@graph":[{"@type":"WebPage","@id":"https:\/\/www.vintagehomemore.lu\/en\/product\/atelier-creatif-de-techniques-mixtes\/","url":"https:\/\/www.vintagehomemore.lu\/en\/product\/atelier-creatif-de-techniques-mixtes\/","name":"Atelier Cr\u00e9atif de Techniques Mixtes - Annick Boltz","isPartOf":{"@id":"https:\/\/www.vintagehomemore.lu\/en\/#website"},"primaryImageOfPage":{"@id":"https:\/\/www.vintagehomemore.lu\/en\/product\/atelier-creatif-de-techniques-mixtes\/#primaryimage"},"image":{"@id":"https:\/\/www.vintagehomemore.lu\/en\/product\/atelier-creatif-de-techniques-mixtes\/#primaryimage"},"thumbnailUrl":"https:\/\/www.vintagehomemore.lu\/wp-content\/uploads\/2023\/12\/vintage-home-more-product-001-03.jpg","datePublished":"2024-05-22T08:10:26+00:00","breadcrumb":{"@id":"https:\/\/www.vintagehomemore.lu\/en\/product\/atelier-creatif-de-techniques-mixtes\/#breadcrumb"},"inLanguage":"en-US","potentialAction":[{"@type":"ReadAction","target":["https:\/\/www.vintagehomemore.lu\/en\/product\/atelier-creatif-de-techniques-mixtes\/"]}]},{"@type":"ImageObject","inLanguage":"en-US","@id":"https:\/\/www.vintagehomemore.lu\/en\/product\/atelier-creatif-de-techniques-mixtes\/#primaryimage","url":"https:\/\/www.vintagehomemore.lu\/wp-content\/uploads\/2023\/12\/vintage-home-more-product-001-03.jpg","contentUrl":"https:\/\/www.vintagehomemore.lu\/wp-content\/uploads\/2023\/12\/vintage-home-more-product-001-03.jpg","width":1236,"height":1236},{"@type":"BreadcrumbList","@id":"https:\/\/www.vintagehomemore.lu\/en\/product\/atelier-creatif-de-techniques-mixtes\/#breadcrumb","itemListElement":[{"@type":"ListItem","position":1,"name":"Accueil","item":"https:\/\/www.vintagehomemore.lu\/en\/"},{"@type":"ListItem","position":2,"name":"Our Products","item":"https:\/\/www.vintagehomemore.lu\/en\/shop\/"},{"@type":"ListItem","position":3,"name":"Atelier Cr\u00e9atif de Techniques Mixtes"}]},{"@type":"WebSite","@id":"https:\/\/www.vintagehomemore.lu\/en\/#website","url":"https:\/\/www.vintagehomemore.lu\/en\/","name":"Vintage Home & More - Annick Boltz","description":"My WordPress Blog","publisher":{"@id":"https:\/\/www.vintagehomemore.lu\/en\/#organization"},"potentialAction":[{"@type":"SearchAction","target":{"@type":"EntryPoint","urlTemplate":"https:\/\/www.vintagehomemore.lu\/en\/?s={search_term_string}"},"query-input":{"@type":"PropertyValueSpecification","valueRequired":true,"valueName":"search_term_string"}}],"inLanguage":"en-US"},{"@type":"Organization","@id":"https:\/\/www.vintagehomemore.lu\/en\/#organization","name":"Vintage Home & More - Annick Boltz","url":"https:\/\/www.vintagehomemore.lu\/en\/","logo":{"@type":"ImageObject","inLanguage":"en-US","@id":"https:\/\/www.vintagehomemore.lu\/en\/#\/schema\/logo\/image\/","url":"https:\/\/www.vintagehomemore.lu\/wp-content\/uploads\/2024\/02\/Vintage-home-more-invoice-logo.svg","contentUrl":"https:\/\/www.vintagehomemore.lu\/wp-content\/uploads\/2024\/02\/Vintage-home-more-invoice-logo.svg","width":130,"height":60,"caption":"Vintage Home & More - Annick Boltz"},"image":{"@id":"https:\/\/www.vintagehomemore.lu\/en\/#\/schema\/logo\/image\/"},"sameAs":["https:\/\/www.facebook.com\/vintagehomemore","https:\/\/www.instagram.com\/explore\/locations\/1675004086087126\/vintage-home-more\/"]}]}},"_links":{"self":[{"href":"https:\/\/www.vintagehomemore.lu\/en\/wp-json\/wp\/v2\/product\/2349","targetHints":{"allow":["GET"]}}],"collection":[{"href":"https:\/\/www.vintagehomemore.lu\/en\/wp-json\/wp\/v2\/product"}],"about":[{"href":"https:\/\/www.vintagehomemore.lu\/en\/wp-json\/wp\/v2\/types\/product"}],"wp:featuredmedia":[{"embeddable":true,"href":"https:\/\/www.vintagehomemore.lu\/en\/wp-json\/wp\/v2\/media\/935"}],"wp:attachment":[{"href":"https:\/\/www.vintagehomemore.lu\/en\/wp-json\/wp\/v2\/media?parent=2349"}],"wp:term":[{"taxonomy":"product_brand","embeddable":true,"href":"https:\/\/www.vintagehomemore.lu\/en\/wp-json\/wp\/v2\/product_brand?post=2349"},{"taxonomy":"product_cat","embeddable":true,"href":"https:\/\/www.vintagehomemore.lu\/en\/wp-json\/wp\/v2\/product_cat?post=2349"},{"taxonomy":"product_tag","embeddable":true,"href":"https:\/\/www.vintagehomemore.lu\/en\/wp-json\/wp\/v2\/product_tag?post=2349"}],"curies":[{"name":"wp","href":"https:\/\/api.w.org\/{rel}","templated":true}]}}